{"id":20576,"date":"2025-04-04T11:32:37","date_gmt":"2025-04-04T11:32:37","guid":{"rendered":"https:\/\/nourprivatewealth.com\/ca\/gestion-privee\/"},"modified":"2026-04-19T07:04:17","modified_gmt":"2026-04-19T07:04:17","slug":"gestion-privee","status":"publish","type":"page","link":"https:\/\/nourprivatewealth.com\/ca\/fr\/gestion-privee\/","title":{"rendered":"Gestion priv\u00e9e"},"content":{"rendered":"\t\t<div data-elementor-type=\"wp-page\" data-elementor-id=\"20576\" class=\"elementor elementor-20576 elementor-20362\" data-elementor-post-type=\"page\">\n\t\t\t\t<div class=\"elementor-element elementor-element-c4a42a8 gradBtm e-flex e-con-boxed e-con e-parent\" data-id=\"c4a42a8\" data-element_type=\"container\" data-settings=\"{&quot;background_background&quot;:&quot;classic&quot;}\">\n\t\t\t\t\t<div class=\"e-con-inner\">\n\t\t\t\t<div class=\"elementor-element elementor-element-5ed0a4b3 scroll-down_btn elementor-widget elementor-widget-button\" data-id=\"5ed0a4b3\" data-element_type=\"widget\" data-widget_type=\"button.default\">\n\t\t\t\t<div class=\"elementor-widget-container\">\n\t\t\t\t\t\t\t\t\t<div class=\"elementor-button-wrapper\">\n\t\t\t\t\t<a class=\"elementor-button elementor-button-link elementor-size-sm\" href=\"#intro\">\n\t\t\t\t\t\t<span class=\"elementor-button-content-wrapper\">\n\t\t\t\t\t\t<span class=\"elementor-button-icon\">\n\t\t\t\t<svg aria-hidden=\"true\" class=\"e-font-icon-svg e-fas-chevron-down\" viewBox=\"0 0 448 512\" xmlns=\"http:\/\/www.w3.org\/2000\/svg\"><path d=\"M207.029 381.476L12.686 187.132c-9.373-9.373-9.373-24.569 0-33.941l22.667-22.667c9.357-9.357 24.522-9.375 33.901-.04L224 284.505l154.745-154.021c9.379-9.335 24.544-9.317 33.901.04l22.667 22.667c9.373 9.373 9.373 24.569 0 33.941L240.971 381.476c-9.373 9.372-24.569 9.372-33.942 0z\"><\/path><\/svg>\t\t\t<\/span>\n\t\t\t\t\t\t\t\t<\/span>\n\t\t\t\t\t<\/a>\n\t\t\t\t<\/div>\n\t\t\t\t\t\t\t\t<\/div>\n\t\t\t\t<\/div>\n\t\t\t\t\t<\/div>\n\t\t\t\t<\/div>\n\t\t<div class=\"elementor-element elementor-element-2478d3b2 e-flex e-con-boxed e-con e-parent\" data-id=\"2478d3b2\" data-element_type=\"container\">\n\t\t\t\t\t<div class=\"e-con-inner\">\n\t\t\t\t<div class=\"elementor-element elementor-element-2a29c103 elementor-invisible elementor-widget elementor-widget-image\" data-id=\"2a29c103\" data-element_type=\"widget\" data-settings=\"{&quot;_animation&quot;:&quot;fadeInUp&quot;,&quot;_animation_delay&quot;:100}\" data-widget_type=\"image.default\">\n\t\t\t\t<div class=\"elementor-widget-container\">\n\t\t\t\t\t\t\t\t\t\t\t\t\t\t\t<img alt=\"\" decoding=\"async\" src=\"https:\/\/nourprivatewealth.com\/ca\/wp-content\/uploads\/sites\/2\/2025\/04\/Line.svg\" class=\"attachment-full size-full wp-image-19927\" alt=\"\" \/>\t\t\t\t\t\t\t\t\t\t\t\t\t\t\t<\/div>\n\t\t\t\t<\/div>\n\t\t\t\t<div class=\"elementor-element elementor-element-5199e472 elementor-absolute elementor-widget elementor-widget-menu-anchor\" data-id=\"5199e472\" data-element_type=\"widget\" data-settings=\"{&quot;_position&quot;:&quot;absolute&quot;}\" data-widget_type=\"menu-anchor.default\">\n\t\t\t\t<div class=\"elementor-widget-container\">\n\t\t\t\t\t\t\t<div class=\"elementor-menu-anchor\" id=\"intro\"><\/div>\n\t\t\t\t\t\t<\/div>\n\t\t\t\t<\/div>\n\t\t\t\t\t<\/div>\n\t\t\t\t<\/div>\n\t\t<div class=\"elementor-element elementor-element-664c6d81 e-flex e-con-boxed e-con e-parent\" data-id=\"664c6d81\" data-element_type=\"container\">\n\t\t\t\t\t<div class=\"e-con-inner\">\n\t\t\t\t<div class=\"elementor-element elementor-element-83e506 elementor-widget elementor-widget-heading\" data-id=\"83e506\" data-element_type=\"widget\" data-widget_type=\"heading.default\">\n\t\t\t\t<div class=\"elementor-widget-container\">\n\t\t\t\t\t<h2 class=\"elementor-heading-title elementor-size-default\">INSTITUTIONNEL<\/h2>\t\t\t\t<\/div>\n\t\t\t\t<\/div>\n\t\t\t\t<div class=\"elementor-element elementor-element-35239e0f fadeScroll elementor-widget-tablet__width-inherit elementor-widget elementor-widget-heading\" data-id=\"35239e0f\" data-element_type=\"widget\" data-settings=\"{&quot;_animation&quot;:&quot;none&quot;,&quot;_animation_delay&quot;:1000}\" data-widget_type=\"heading.default\">\n\t\t\t\t<div class=\"elementor-widget-container\">\n\t\t\t\t\t<h2 class=\"elementor-heading-title elementor-size-default\">Solutions globales pour les investisseurs institutionnels<\/h2>\t\t\t\t<\/div>\n\t\t\t\t<\/div>\n\t\t\t\t<div class=\"elementor-element elementor-element-5a6f9658 elementor-widget__width-initial elementor-invisible elementor-widget elementor-widget-text-editor\" data-id=\"5a6f9658\" data-element_type=\"widget\" data-settings=\"{&quot;_animation&quot;:&quot;fadeInUp&quot;,&quot;_animation_delay&quot;:1000}\" data-widget_type=\"text-editor.default\">\n\t\t\t\t<div class=\"elementor-widget-container\">\n\t\t\t\t\t\t\t\t\t<p>Chez Nour Private Wealth, nous proposons des solutions d&rsquo;investissement globales adapt\u00e9es aux besoins \u00e9volutifs des investisseurs institutionnels, y compris les fonds de pension, les fonds de dotation et les fondations. Notre \u00e9quipe d&rsquo;experts est sp\u00e9cialis\u00e9e dans la gestion d&rsquo;actifs, la r\u00e9duction des risques et la diversification des portefeuilles, garantissant ainsi une croissance et une stabilit\u00e9 financi\u00e8re \u00e0 long terme. Gr\u00e2ce \u00e0 notre connaissance approfondie des march\u00e9s et \u00e0 notre acc\u00e8s aux march\u00e9s canadiens, am\u00e9ricains et internationaux, nous \u00e9laborons des strat\u00e9gies personnalis\u00e9es qui s&rsquo;alignent sur les objectifs de votre organisation, en vous aidant \u00e0 surmonter les difficult\u00e9s et \u00e0 optimiser votre portefeuille en vue d&rsquo;un succ\u00e8s durable.  <\/p>\t\t\t\t\t\t\t\t<\/div>\n\t\t\t\t<\/div>\n\t\t\t\t\t<\/div>\n\t\t\t\t<\/div>\n\t\t<div class=\"elementor-element elementor-element-59163e83 e-flex e-con-boxed e-con e-parent\" data-id=\"59163e83\" data-element_type=\"container\">\n\t\t\t\t\t<div class=\"e-con-inner\">\n\t\t\t\t<div class=\"elementor-element elementor-element-5f6d7e37 elementor-invisible elementor-widget elementor-widget-image\" data-id=\"5f6d7e37\" data-element_type=\"widget\" data-settings=\"{&quot;_animation&quot;:&quot;fadeInUp&quot;,&quot;_animation_delay&quot;:100}\" data-widget_type=\"image.default\">\n\t\t\t\t<div class=\"elementor-widget-container\">\n\t\t\t\t\t\t\t\t\t\t\t\t\t\t\t<img alt=\"\" decoding=\"async\" src=\"https:\/\/nourprivatewealth.com\/ca\/wp-content\/uploads\/sites\/2\/2025\/04\/Line.svg\" class=\"attachment-full size-full wp-image-19927\" alt=\"\" \/>\t\t\t\t\t\t\t\t\t\t\t\t\t\t\t<\/div>\n\t\t\t\t<\/div>\n\t\t\t\t\t<\/div>\n\t\t\t\t<\/div>\n\t\t<div class=\"elementor-element elementor-element-247a6d1f e-flex e-con-boxed e-con e-parent\" data-id=\"247a6d1f\" data-element_type=\"container\">\n\t\t\t\t\t<div class=\"e-con-inner\">\n\t\t\t\t<div class=\"elementor-element elementor-element-173d09f4 fadeScroll elementor-widget-tablet__width-inherit elementor-widget elementor-widget-heading\" data-id=\"173d09f4\" data-element_type=\"widget\" data-settings=\"{&quot;_animation&quot;:&quot;none&quot;,&quot;_animation_delay&quot;:1000}\" data-widget_type=\"heading.default\">\n\t\t\t\t<div class=\"elementor-widget-container\">\n\t\t\t\t\t<h2 class=\"elementor-heading-title elementor-size-default\">Nos clients<\/h2>\t\t\t\t<\/div>\n\t\t\t\t<\/div>\n\t\t\t\t<div class=\"elementor-element elementor-element-69b57f5d elementor-widget__width-initial elementor-invisible elementor-widget elementor-widget-text-editor\" data-id=\"69b57f5d\" data-element_type=\"widget\" data-settings=\"{&quot;_animation&quot;:&quot;fadeInUp&quot;,&quot;_animation_delay&quot;:1000}\" data-widget_type=\"text-editor.default\">\n\t\t\t\t<div class=\"elementor-widget-container\">\n\t\t\t\t\t\t\t\t\t<p>Depuis plus de 55 ans, un large \u00e9ventail de clients institutionnels font confiance \u00e0 Nour Private Wealth pour prot\u00e9ger et faire fructifier leurs actifs gr\u00e2ce \u00e0 une gestion rigoureuse des investissements.<\/p>\t\t\t\t\t\t\t\t<\/div>\n\t\t\t\t<\/div>\n\t\t\t\t\t<\/div>\n\t\t\t\t<\/div>\n\t\t<div class=\"elementor-element elementor-element-7ae4afe e-con-full e-flex e-con e-parent\" data-id=\"7ae4afe\" data-element_type=\"container\">\n\t\t<div class=\"elementor-element elementor-element-647dff3 e-con-full e-flex e-con e-child\" data-id=\"647dff3\" data-element_type=\"container\" data-settings=\"{&quot;background_background&quot;:&quot;classic&quot;}\">\n\t\t<div class=\"elementor-element elementor-element-440a37b e-con-full service_box new e-flex e-con e-child\" data-id=\"440a37b\" data-element_type=\"container\" data-settings=\"{&quot;background_background&quot;:&quot;classic&quot;,&quot;animation&quot;:&quot;none&quot;}\">\n\t\t<div class=\"elementor-element elementor-element-b0f785a e-con-full e-flex e-con e-child\" data-id=\"b0f785a\" data-element_type=\"container\">\n\t\t\t\t<div class=\"elementor-element elementor-element-07b9d44 elementor-widget-tablet__width-inherit elementor-widget-mobile__width-initial elementor-widget elementor-widget-heading\" data-id=\"07b9d44\" data-element_type=\"widget\" data-widget_type=\"heading.default\">\n\t\t\t\t<div class=\"elementor-widget-container\">\n\t\t\t\t\t<h2 class=\"elementor-heading-title elementor-size-default\">Pension Funds<\/h2>\t\t\t\t<\/div>\n\t\t\t\t<\/div>\n\t\t\t\t<div class=\"elementor-element elementor-element-ad9a193 textSplit elementor-widget elementor-widget-text-editor\" data-id=\"ad9a193\" data-element_type=\"widget\" data-widget_type=\"text-editor.default\">\n\t\t\t\t<div class=\"elementor-widget-container\">\n\t\t\t\t\t\t\t\t\t<p>Since our first mandate in 1966, Nour Private Wealth has remained committed to a long-term investment philosophy that prioritizes stability and sustainable value creation. Our approach focuses on high-quality businesses with the potential for long-term growth and resilience in market downturns. We specialize in managing custom segregated portfolios that align with each client\u2019s unique investment policies.<\/p>\t\t\t\t\t\t\t\t<\/div>\n\t\t\t\t<\/div>\n\t\t\t\t<div class=\"elementor-element elementor-element-b5f2d86 elementor-align-left elementor-mobile-align-left elementor-widget elementor-widget-button\" data-id=\"b5f2d86\" data-element_type=\"widget\" data-widget_type=\"button.default\">\n\t\t\t\t<div class=\"elementor-widget-container\">\n\t\t\t\t\t\t\t\t\t<div class=\"elementor-button-wrapper\">\n\t\t\t\t\t<a class=\"elementor-button elementor-button-link elementor-size-sm\" href=\"https:\/\/nourprivatewealth.com\/ca\/fr\/institutionnel\/fonds-de-pension\/\">\n\t\t\t\t\t\t<span class=\"elementor-button-content-wrapper\">\n\t\t\t\t\t\t\t\t\t<span class=\"elementor-button-text\">Learn More<\/span>\n\t\t\t\t\t<\/span>\n\t\t\t\t\t<\/a>\n\t\t\t\t<\/div>\n\t\t\t\t\t\t\t\t<\/div>\n\t\t\t\t<\/div>\n\t\t\t\t<\/div>\n\t\t\t\t<\/div>\n\t\t<div class=\"elementor-element elementor-element-ffa0e29 e-con-full service_img elementor-hidden-mobile e-flex e-con e-child\" data-id=\"ffa0e29\" data-element_type=\"container\" data-settings=\"{&quot;background_background&quot;:&quot;classic&quot;}\">\n\t\t\t\t<\/div>\n\t\t\t\t<\/div>\n\t\t<div class=\"elementor-element elementor-element-390d3a3 e-con-full e-flex e-con e-child\" data-id=\"390d3a3\" data-element_type=\"container\" data-settings=\"{&quot;background_background&quot;:&quot;classic&quot;}\">\n\t\t<div class=\"elementor-element elementor-element-1f2c63c e-con-full service_img elementor-hidden-mobile e-flex e-con e-child\" data-id=\"1f2c63c\" data-element_type=\"container\" data-settings=\"{&quot;background_background&quot;:&quot;classic&quot;}\">\n\t\t\t\t<\/div>\n\t\t<div class=\"elementor-element elementor-element-82047ec e-con-full service_box new e-flex e-con e-child\" data-id=\"82047ec\" data-element_type=\"container\" data-settings=\"{&quot;background_background&quot;:&quot;classic&quot;,&quot;animation&quot;:&quot;none&quot;}\">\n\t\t<div class=\"elementor-element elementor-element-519ab02 e-con-full e-flex e-con e-child\" data-id=\"519ab02\" data-element_type=\"container\">\n\t\t\t\t<div class=\"elementor-element elementor-element-ee889ac elementor-widget-tablet__width-inherit elementor-widget elementor-widget-heading\" data-id=\"ee889ac\" data-element_type=\"widget\" data-widget_type=\"heading.default\">\n\t\t\t\t<div class=\"elementor-widget-container\">\n\t\t\t\t\t<h2 class=\"elementor-heading-title elementor-size-default\">Financial Institutions and Sub-Advisory Services<\/h2>\t\t\t\t<\/div>\n\t\t\t\t<\/div>\n\t\t\t\t<div class=\"elementor-element elementor-element-200df0f textSplit elementor-widget elementor-widget-text-editor\" data-id=\"200df0f\" data-element_type=\"widget\" data-widget_type=\"text-editor.default\">\n\t\t\t\t<div class=\"elementor-widget-container\">\n\t\t\t\t\t\t\t\t\t<p>We collaborate with financial institutions seeking institutional-grade investment management for their retail clients. Our sub-advisory services and model portfolios provide core or complementary solutions for separately managed accounts, wrap programs, mutual funds, and Exchange-Traded Funds (ETFs).<\/p>\t\t\t\t\t\t\t\t<\/div>\n\t\t\t\t<\/div>\n\t\t\t\t<div class=\"elementor-element elementor-element-bdeab9d elementor-align-left elementor-mobile-align-left elementor-widget elementor-widget-button\" data-id=\"bdeab9d\" data-element_type=\"widget\" data-widget_type=\"button.default\">\n\t\t\t\t<div class=\"elementor-widget-container\">\n\t\t\t\t\t\t\t\t\t<div class=\"elementor-button-wrapper\">\n\t\t\t\t\t<a class=\"elementor-button elementor-button-link elementor-size-sm\" href=\"https:\/\/nourprivatewealth.com\/ca\/fr\/institutionnel\/institutions-financieres-et-services-de-sous-conseil\/\">\n\t\t\t\t\t\t<span class=\"elementor-button-content-wrapper\">\n\t\t\t\t\t\t\t\t\t<span class=\"elementor-button-text\">Learn More<\/span>\n\t\t\t\t\t<\/span>\n\t\t\t\t\t<\/a>\n\t\t\t\t<\/div>\n\t\t\t\t\t\t\t\t<\/div>\n\t\t\t\t<\/div>\n\t\t\t\t<\/div>\n\t\t\t\t<\/div>\n\t\t\t\t<\/div>\n\t\t<div class=\"elementor-element elementor-element-c2f34ca e-con-full e-flex e-con e-child\" data-id=\"c2f34ca\" data-element_type=\"container\" data-settings=\"{&quot;background_background&quot;:&quot;classic&quot;}\">\n\t\t<div class=\"elementor-element elementor-element-8e85f54 e-con-full service_box new e-flex e-con e-child\" data-id=\"8e85f54\" data-element_type=\"container\" data-settings=\"{&quot;background_background&quot;:&quot;classic&quot;,&quot;animation&quot;:&quot;none&quot;}\">\n\t\t<div class=\"elementor-element elementor-element-9c1f162 e-con-full e-flex e-con e-child\" data-id=\"9c1f162\" data-element_type=\"container\">\n\t\t\t\t<div class=\"elementor-element elementor-element-c6ab8c2 elementor-widget-tablet__width-inherit elementor-widget-mobile__width-inherit elementor-widget elementor-widget-heading\" data-id=\"c6ab8c2\" data-element_type=\"widget\" data-widget_type=\"heading.default\">\n\t\t\t\t<div class=\"elementor-widget-container\">\n\t\t\t\t\t<h2 class=\"elementor-heading-title elementor-size-default\">Foundations, Endowments and Non-Profit Organizations<\/h2>\t\t\t\t<\/div>\n\t\t\t\t<\/div>\n\t\t\t\t<div class=\"elementor-element elementor-element-91fc8e2 textSplit elementor-widget elementor-widget-text-editor\" data-id=\"91fc8e2\" data-element_type=\"widget\" data-widget_type=\"text-editor.default\">\n\t\t\t\t<div class=\"elementor-widget-container\">\n\t\t\t\t\t\t\t\t\t<p>As one of Canada\u2019s leading investment managers for foundations and endowments, we understand the unique requirements of charitable organizations. Our experience enables us to effectively manage liquidity needs, regulatory compliance, and investment policies while providing strategic guidance and education. We build diversified, quality-focused portfolios designed to protect capital and support long-term financial growth.<\/p>\t\t\t\t\t\t\t\t<\/div>\n\t\t\t\t<\/div>\n\t\t\t\t<div class=\"elementor-element elementor-element-f28447e elementor-align-left elementor-mobile-align-left elementor-widget elementor-widget-button\" data-id=\"f28447e\" data-element_type=\"widget\" data-widget_type=\"button.default\">\n\t\t\t\t<div class=\"elementor-widget-container\">\n\t\t\t\t\t\t\t\t\t<div class=\"elementor-button-wrapper\">\n\t\t\t\t\t<a class=\"elementor-button elementor-button-link elementor-size-sm\" href=\"https:\/\/nourprivatewealth.com\/ca\/fr\/institutionnel\/fondations-fonds-de-dotation-et-organisations-a-but-non-lucratif\/\">\n\t\t\t\t\t\t<span class=\"elementor-button-content-wrapper\">\n\t\t\t\t\t\t\t\t\t<span class=\"elementor-button-text\">Learn More<\/span>\n\t\t\t\t\t<\/span>\n\t\t\t\t\t<\/a>\n\t\t\t\t<\/div>\n\t\t\t\t\t\t\t\t<\/div>\n\t\t\t\t<\/div>\n\t\t\t\t<\/div>\n\t\t\t\t<\/div>\n\t\t<div class=\"elementor-element elementor-element-092398c e-con-full service_img elementor-hidden-mobile e-flex e-con e-child\" data-id=\"092398c\" data-element_type=\"container\" data-settings=\"{&quot;background_background&quot;:&quot;classic&quot;}\">\n\t\t\t\t<\/div>\n\t\t\t\t<\/div>\n\t\t<div class=\"elementor-element elementor-element-0d7290f e-con-full e-flex e-con e-child\" data-id=\"0d7290f\" data-element_type=\"container\" data-settings=\"{&quot;background_background&quot;:&quot;classic&quot;}\">\n\t\t<div class=\"elementor-element elementor-element-6828b00 e-con-full service_img elementor-hidden-mobile e-flex e-con e-child\" data-id=\"6828b00\" data-element_type=\"container\" data-settings=\"{&quot;background_background&quot;:&quot;classic&quot;}\">\n\t\t\t\t<\/div>\n\t\t<div class=\"elementor-element elementor-element-4099bfd e-con-full service_box new e-flex e-con e-child\" data-id=\"4099bfd\" data-element_type=\"container\" data-settings=\"{&quot;background_background&quot;:&quot;classic&quot;,&quot;animation&quot;:&quot;none&quot;}\">\n\t\t<div class=\"elementor-element elementor-element-3206ca4 e-con-full e-flex e-con e-child\" data-id=\"3206ca4\" data-element_type=\"container\">\n\t\t\t\t<div class=\"elementor-element elementor-element-78e6230 elementor-widget-tablet__width-inherit elementor-widget elementor-widget-heading\" data-id=\"78e6230\" data-element_type=\"widget\" data-widget_type=\"heading.default\">\n\t\t\t\t<div class=\"elementor-widget-container\">\n\t\t\t\t\t<h2 class=\"elementor-heading-title elementor-size-default\">Family Offices<\/h2>\t\t\t\t<\/div>\n\t\t\t\t<\/div>\n\t\t\t\t<div class=\"elementor-element elementor-element-1af4683 textSplit elementor-widget elementor-widget-text-editor\" data-id=\"1af4683\" data-element_type=\"widget\" data-widget_type=\"text-editor.default\">\n\t\t\t\t<div class=\"elementor-widget-container\">\n\t\t\t\t\t\t\t\t\t<p>For over 60 years, we have served as trusted stewards of family wealth, delivering disciplined investment management strategies that prioritize long-term financial security. Whether working with single or multi-family offices, we provide customized solutions that balance growth, income, and wealth preservation.<\/p>\t\t\t\t\t\t\t\t<\/div>\n\t\t\t\t<\/div>\n\t\t\t\t<div class=\"elementor-element elementor-element-77bf904 elementor-align-left elementor-widget elementor-widget-button\" data-id=\"77bf904\" data-element_type=\"widget\" data-widget_type=\"button.default\">\n\t\t\t\t<div class=\"elementor-widget-container\">\n\t\t\t\t\t\t\t\t\t<div class=\"elementor-button-wrapper\">\n\t\t\t\t\t<a class=\"elementor-button elementor-button-link elementor-size-sm\" href=\"https:\/\/nourprivatewealth.com\/ca\/fr\/institutionnel\/bureaux-familiaux\/\">\n\t\t\t\t\t\t<span class=\"elementor-button-content-wrapper\">\n\t\t\t\t\t\t\t\t\t<span class=\"elementor-button-text\">Learn More<\/span>\n\t\t\t\t\t<\/span>\n\t\t\t\t\t<\/a>\n\t\t\t\t<\/div>\n\t\t\t\t\t\t\t\t<\/div>\n\t\t\t\t<\/div>\n\t\t\t\t<\/div>\n\t\t\t\t<\/div>\n\t\t\t\t<\/div>\n\t\t<div class=\"elementor-element elementor-element-879f277 e-con-full e-flex e-con e-child\" data-id=\"879f277\" data-element_type=\"container\" data-settings=\"{&quot;background_background&quot;:&quot;classic&quot;}\">\n\t\t<div class=\"elementor-element elementor-element-88491b0 e-con-full service_box new e-flex e-con e-child\" data-id=\"88491b0\" data-element_type=\"container\" data-settings=\"{&quot;background_background&quot;:&quot;classic&quot;,&quot;animation&quot;:&quot;none&quot;}\">\n\t\t<div class=\"elementor-element elementor-element-51b43b9 e-con-full e-flex e-con e-child\" data-id=\"51b43b9\" data-element_type=\"container\">\n\t\t\t\t<div class=\"elementor-element elementor-element-76aff0d elementor-widget-tablet__width-inherit elementor-widget-mobile__width-inherit elementor-widget elementor-widget-heading\" data-id=\"76aff0d\" data-element_type=\"widget\" data-widget_type=\"heading.default\">\n\t\t\t\t<div class=\"elementor-widget-container\">\n\t\t\t\t\t<h2 class=\"elementor-heading-title elementor-size-default\">Indigenous Communities<\/h2>\t\t\t\t<\/div>\n\t\t\t\t<\/div>\n\t\t\t\t<div class=\"elementor-element elementor-element-60fe948 textSplit elementor-widget elementor-widget-text-editor\" data-id=\"60fe948\" data-element_type=\"widget\" data-widget_type=\"text-editor.default\">\n\t\t\t\t<div class=\"elementor-widget-container\">\n\t\t\t\t\t\t\t\t\t<p>Since 1999, Nour Private Wealth has partnered with Indigenous communities to provide investment solutions that foster long-term prosperity. Our dedicated Indigenous services team collaborates with clients to design customized portfolios that align with their specific needs, with a strong focus on capital preservation and sustainable growth.<\/p>\t\t\t\t\t\t\t\t<\/div>\n\t\t\t\t<\/div>\n\t\t\t\t<div class=\"elementor-element elementor-element-6f35bbc elementor-align-left elementor-widget elementor-widget-button\" data-id=\"6f35bbc\" data-element_type=\"widget\" data-widget_type=\"button.default\">\n\t\t\t\t<div class=\"elementor-widget-container\">\n\t\t\t\t\t\t\t\t\t<div class=\"elementor-button-wrapper\">\n\t\t\t\t\t<a class=\"elementor-button elementor-button-link elementor-size-sm\" href=\"https:\/\/nourprivatewealth.com\/ca\/fr\/institutionnel\/communautes-autochtones\/\">\n\t\t\t\t\t\t<span class=\"elementor-button-content-wrapper\">\n\t\t\t\t\t\t\t\t\t<span class=\"elementor-button-text\">Learn More<\/span>\n\t\t\t\t\t<\/span>\n\t\t\t\t\t<\/a>\n\t\t\t\t<\/div>\n\t\t\t\t\t\t\t\t<\/div>\n\t\t\t\t<\/div>\n\t\t\t\t<\/div>\n\t\t\t\t<\/div>\n\t\t<div class=\"elementor-element elementor-element-69f2016 e-con-full service_img elementor-hidden-mobile e-flex e-con e-child\" data-id=\"69f2016\" data-element_type=\"container\" data-settings=\"{&quot;background_background&quot;:&quot;classic&quot;}\">\n\t\t\t\t<\/div>\n\t\t\t\t<\/div>\n\t\t\t\t<\/div>\n\t\t\t\t<\/div>\n\t\t","protected":false},"excerpt":{"rendered":"<p>INSTITUTIONNEL Solutions globales pour les investisseurs institutionnels Chez Nour Private Wealth, nous proposons des solutions d&rsquo;investissement globales adapt\u00e9es aux besoins \u00e9volutifs des investisseurs institutionnels, y compris les fonds de pension, les fonds de dotation et les fondations. Notre \u00e9quipe d&rsquo;experts est sp\u00e9cialis\u00e9e dans la gestion d&rsquo;actifs, la r\u00e9duction des risques et la diversification des portefeuilles, [&hellip;]<\/p>\n","protected":false},"author":5,"featured_media":0,"parent":0,"menu_order":0,"comment_status":"closed","ping_status":"closed","template":"elementor_header_footer","meta":{"_seopress_robots_primary_cat":"","_seopress_titles_title":"","_seopress_titles_desc":"","_seopress_robots_index":"","footnotes":""},"class_list":["post-20576","page","type-page","status-publish","hentry"],"_links":{"self":[{"href":"https:\/\/nourprivatewealth.com\/ca\/fr\/wp-json\/wp\/v2\/pages\/20576","targetHints":{"allow":["GET"]}}],"collection":[{"href":"https:\/\/nourprivatewealth.com\/ca\/fr\/wp-json\/wp\/v2\/pages"}],"about":[{"href":"https:\/\/nourprivatewealth.com\/ca\/fr\/wp-json\/wp\/v2\/types\/page"}],"author":[{"embeddable":true,"href":"https:\/\/nourprivatewealth.com\/ca\/fr\/wp-json\/wp\/v2\/users\/5"}],"replies":[{"embeddable":true,"href":"https:\/\/nourprivatewealth.com\/ca\/fr\/wp-json\/wp\/v2\/comments?post=20576"}],"version-history":[{"count":10,"href":"https:\/\/nourprivatewealth.com\/ca\/fr\/wp-json\/wp\/v2\/pages\/20576\/revisions"}],"predecessor-version":[{"id":25097,"href":"https:\/\/nourprivatewealth.com\/ca\/fr\/wp-json\/wp\/v2\/pages\/20576\/revisions\/25097"}],"wp:attachment":[{"href":"https:\/\/nourprivatewealth.com\/ca\/fr\/wp-json\/wp\/v2\/media?parent=20576"}],"curies":[{"name":"wp","href":"https:\/\/api.w.org\/{rel}","templated":true}]}}